{"id":614,"date":"2024-10-21T12:30:30","date_gmt":"2024-10-21T12:30:30","guid":{"rendered":"https:\/\/www.fruitandvegforindustry.com\/?page_id=614"},"modified":"2025-09-22T08:45:06","modified_gmt":"2025-09-22T08:45:06","slug":"search-a-product","status":"publish","type":"page","link":"https:\/\/www.fruitandvegforindustry.com\/fr\/search-a-product\/","title":{"rendered":"Rechercher un produit"},"content":{"rendered":"<div data-elementor-type=\"wp-page\" data-elementor-id=\"614\" class=\"elementor elementor-614\" data-elementor-post-type=\"page\">\n\t\t\t\t<div class=\"elementor-element elementor-element-41d7188 e-flex e-con-boxed e-con e-parent\" data-id=\"41d7188\" data-element_type=\"container\" data-e-type=\"container\">\n\t\t\t\t\t<div class=\"e-con-inner\">\n\t\t\t\t<div class=\"elementor-element elementor-element-5e78bcf elementor-position-inline-end elementor-view-default elementor-mobile-position-block-start elementor-widget elementor-widget-icon-box\" data-id=\"5e78bcf\" data-element_type=\"widget\" data-e-type=\"widget\" data-widget_type=\"icon-box.default\">\n\t\t\t\t\t\t\t<div class=\"elementor-icon-box-wrapper\">\n\n\t\t\t\t\t\t<div class=\"elementor-icon-box-icon\">\n\t\t\t\t<span  class=\"elementor-icon\">\n\t\t\t\t<svg xmlns=\"http:\/\/www.w3.org\/2000\/svg\" xmlns:xlink=\"http:\/\/www.w3.org\/1999\/xlink\" viewbox=\"0 0 25.1 24.8\"><defs><clippath id=\"clippath\"><rect y=\"0\" width=\"25.1\" height=\"24.8\" style=\"fill: none;\"><\/rect><\/clippath><\/defs><g><g id=\"Groupe_1300\"><g style=\"clip-path: url(#clippath);\"><g id=\"Groupe_28\"><path id=\"Trac&#xE9;_11\" d=\"M24.1,24.8c-.3,0-.5-.1-.7-.3l-6.8-6.8c-.4-.4-.4-1,0-1.4.4-.4,1-.4,1.4,0,0,0,0,0,0,0l6.8,6.8c.4.4.4,1,0,1.4-.2.2-.4.3-.7.3\"><\/path><path id=\"Trac&#xE9;_12\" d=\"M10.3,20.7C4.6,20.7,0,16,0,10.3S4.6,0,10.3,0s10.3,4.6,10.3,10.3h0c0,5.7-4.6,10.3-10.3,10.3M10.3,2C5.7,2,2,5.7,2,10.3s3.7,8.3,8.3,8.3,8.3-3.7,8.3-8.3c0-4.6-3.7-8.3-8.3-8.3\"><\/path><\/g><\/g><\/g><\/g><\/svg>\t\t\t\t<\/span>\n\t\t\t<\/div>\n\t\t\t\n\t\t\t\t\t\t<div class=\"elementor-icon-box-content\">\n\n\t\t\t\t\t\t\t\t\t<h1 class=\"elementor-icon-box-title\">\n\t\t\t\t\t\t<span  >\n\t\t\t\t\t\t\tRechercher un produit\t\t\t\t\t\t<\/span>\n\t\t\t\t\t<\/h1>\n\t\t\t\t\n\t\t\t\t\n\t\t\t<\/div>\n\t\t\t\n\t\t<\/div>\n\t\t\t\t\t\t<\/div>\n\t\t\t\t<div class=\"elementor-element elementor-element-ab8c55e elementor-mobile-align-center elementor-hidden-desktop elementor-widget elementor-widget-button\" data-id=\"ab8c55e\" data-element_type=\"widget\" data-e-type=\"widget\" data-widget_type=\"button.default\">\n\t\t\t\t\t\t\t\t\t\t<a class=\"elementor-button elementor-button-link elementor-size-sm\" href=\"https:\/\/www.fruitandvegforindustry.com\/fr\/map-search\/\">\n\t\t\t\t\t\t<span class=\"elementor-button-content-wrapper\">\n\t\t\t\t\t\t\t\t\t<span class=\"elementor-button-text\">Recherchez un produit \u00e0 l'aide d'une carte<\/span>\n\t\t\t\t\t<\/span>\n\t\t\t\t\t<\/a>\n\t\t\t\t\t\t\t\t<\/div>\n\t\t\t\t\t<\/div>\n\t\t\t\t<\/div>\n\t\t<div class=\"elementor-element elementor-element-ad26ac5 e-flex e-con-boxed e-con e-parent\" data-id=\"ad26ac5\" data-element_type=\"container\" data-e-type=\"container\">\n\t\t\t\t\t<div class=\"e-con-inner\">\n\t\t<div class=\"elementor-element elementor-element-f2d996c e-con-full e-flex e-con e-child\" data-id=\"f2d996c\" data-element_type=\"container\" data-e-type=\"container\" data-settings=\"{&quot;background_background&quot;:&quot;classic&quot;}\">\n\t\t\t\t<div class=\"elementor-element elementor-element-ad99ffa elementor-widget elementor-widget-heading\" data-id=\"ad99ffa\" data-element_type=\"widget\" data-e-type=\"widget\" data-widget_type=\"heading.default\">\n\t\t\t\t\t<div class=\"elementor-heading-title elementor-size-default\">Please digit the key word in english<\/div>\t\t\t\t<\/div>\n\t\t\t\t<div class=\"elementor-element elementor-element-8f4ed88 jet-smart-filter-content-position-line jet-smart-filter-content-position-column elementor-widget elementor-widget-jet-smart-filters-search\" data-id=\"8f4ed88\" data-element_type=\"widget\" data-e-type=\"widget\" data-widget_type=\"jet-smart-filters-search.default\">\n\t\t\t\t<div class=\"elementor-widget-container\">\n\t\t\t\t\t<div class=\"jet-smart-filters-search jet-filter\">\n<div\n\tclass=\"jet-search-filter button-icon-position-left\"\n\tdata-query-type=\"meta_query\" data-query-var=\"search\" data-smart-filter=\"search\" data-filter-id=\"1777\" data-apply-type=\"mixed\" data-content-provider=\"jet-engine\" data-additional-providers=\"\" data-query-id=\"offers-search\" data-active-label=\"\" data-layout-options=\"{&quot;show_label&quot;:&quot;&quot;,&quot;display_options&quot;:[]}\" data-query-var-suffix=\"search\">\n\t<div class=\"jet-search-filter__input-wrapper\">\n\t\t<input\n\t\t\tclass=\"jet-search-filter__input\"\n\t\t\ttype=\"search\"\n\t\t\tautocomplete=\"off\"\n\t\t\tname=\"search\"\n\t\t\tvalue=\"\"\n\t\t\tplaceholder=\"Enter your search ( Please digit the key word in English )...\"\n\t\t\taria-label=\"Recherche\"\n\t\t\t\t\t>\n\t\t\t<\/div>\n\n\t\t\t<button\n\t\t\ttype=\"button\"\n\t\t\tclass=\"jet-search-filter__submit apply-filters__button\"\n\t\t\t\t\t>\n\t\t\t<i class=\"fa fa-search\"><\/i>\t\t\t<span class=\"jet-search-filter__submit-text\">\n\t\t\t\tRechercher un produit\t\t\t<\/span>\n\t\t\t\t\t<\/button>\n\t<\/div>\n<\/div>\t\t\t\t<\/div>\n\t\t\t\t<\/div>\n\t\t\t\t<div class=\"elementor-element elementor-element-4460d3a elementor-widget__width-inherit list-product elementor-widget elementor-widget-jet-listing-grid\" data-id=\"4460d3a\" data-element_type=\"widget\" data-e-type=\"widget\" id=\"offers-search\" data-settings=\"{&quot;columns&quot;:&quot;5&quot;,&quot;columns_laptop&quot;:&quot;3&quot;,&quot;columns_tablet&quot;:&quot;2&quot;,&quot;columns_mobile&quot;:&quot;1&quot;}\" data-widget_type=\"jet-listing-grid.default\">\n\t\t\t\t\t<div class=\"jet-listing-grid jet-listing-grid--lazy-load jet-listing jet-listing-grid-loading\" data-lazy-load=\"{&quot;offset&quot;:&quot;0px&quot;,&quot;post_id&quot;:614,&quot;queried_id&quot;:&quot;614|WP_Post&quot;}\"><div class=\"jet-listing-grid__loader\"><div class=\"jet-listing-grid__loader-spinner\"><\/div><\/div><\/div>\t\t\t\t<\/div>\n\t\t\t\t<\/div>\n\t\t\t\t\t<\/div>\n\t\t\t\t<\/div>\n\t\t<div class=\"elementor-element elementor-element-c0d2e90 e-flex e-con-boxed e-con e-parent\" data-id=\"c0d2e90\" data-element_type=\"container\" data-e-type=\"container\">\n\t\t\t\t\t<div class=\"e-con-inner\">\n\t\t<div class=\"elementor-element elementor-element-1c43f6b e-con-full e-flex e-con e-child\" data-id=\"1c43f6b\" data-element_type=\"container\" data-e-type=\"container\">\n\t\t<div class=\"elementor-element elementor-element-820844b e-con-full e-flex e-con e-child\" data-id=\"820844b\" data-element_type=\"container\" data-e-type=\"container\">\n\t\t\t\t<div class=\"elementor-element elementor-element-10f84b1 elementor-widget elementor-widget-image\" data-id=\"10f84b1\" data-element_type=\"widget\" data-e-type=\"widget\" data-widget_type=\"image.default\">\n\t\t\t\t\t\t\t\t\t\t\t\t\t\t\t<img decoding=\"async\" width=\"25\" height=\"25\" src=\"https:\/\/www.fruitandvegforindustry.com\/wp-content\/uploads\/2024\/10\/search.svg\" class=\"attachment-full size-full wp-image-239\" alt=\"\" \/>\t\t\t\t\t\t\t\t\t\t\t\t\t\t\t<\/div>\n\t\t\t\t<div class=\"elementor-element elementor-element-6fb43bf elementor-widget elementor-widget-heading\" data-id=\"6fb43bf\" data-element_type=\"widget\" data-e-type=\"widget\" data-widget_type=\"heading.default\">\n\t\t\t\t\t<h2 class=\"elementor-heading-title elementor-size-default\">Envoyer<br \/><span class=\"spanoffer\">une demande<\/span><\/h2>\t\t\t\t<\/div>\n\t\t\t\t<\/div>\n\t\t\t\t<div class=\"elementor-element elementor-element-b570559 elementor-widget__width-initial elementor-widget-mobile__width-initial elementor-widget elementor-widget-text-editor\" data-id=\"b570559\" data-element_type=\"widget\" data-e-type=\"widget\" data-widget_type=\"text-editor.default\">\n\t\t\t\t\t\t\t\t\t<p>Les clients des fruits et l\u00e9gumes frais pour l'industrie et des fruits et l\u00e9gumes transform\u00e9s peuvent facilement envoyer une demande \u00e0 notre \u00e9quipe.<\/p>\t\t\t\t\t\t\t\t<\/div>\n\t\t\t\t<\/div>\n\t\t\t\t<div class=\"elementor-element elementor-element-d2b2a61 elementor-align-center elementor-widget elementor-widget-button\" data-id=\"d2b2a61\" data-element_type=\"widget\" data-e-type=\"widget\" data-widget_type=\"button.default\">\n\t\t\t\t\t\t\t\t\t\t<a class=\"elementor-button elementor-button-link elementor-size-sm\" href=\"https:\/\/www.fruitandvegforindustry.com\/fr\/send-a-request\/\">\n\t\t\t\t\t\t<span class=\"elementor-button-content-wrapper\">\n\t\t\t\t\t\t\t\t\t<span class=\"elementor-button-text\">Envoyer une demande<\/span>\n\t\t\t\t\t<\/span>\n\t\t\t\t\t<\/a>\n\t\t\t\t\t\t\t\t<\/div>\n\t\t<div class=\"elementor-element elementor-element-fad1bf3 e-con-full e-flex e-con e-child\" data-id=\"fad1bf3\" data-element_type=\"container\" data-e-type=\"container\">\n\t\t\t\t<div class=\"elementor-element elementor-element-db0b69e elementor-widget elementor-widget-jet-listing-dynamic-image\" data-id=\"db0b69e\" data-element_type=\"widget\" data-e-type=\"widget\" data-widget_type=\"jet-listing-dynamic-image.default\">\n\t\t\t\t\t<div class=\"jet-listing jet-listing-dynamic-image\" ><\/div>\t\t\t\t<\/div>\n\t\t\t\t<\/div>\n\t\t\t\t\t<\/div>\n\t\t\t\t<\/div>\n\t\t\t\t<\/div>","protected":false},"excerpt":{"rendered":"<p>Search a Product Search a product using a map Please digit the key word in english Search a product SendA Request Customers of Fresh fruit and Vegetable for industry and processed fruit and vegetable can send easily a request to our team. SEND A REQUEST<\/p>","protected":false},"author":1,"featured_media":0,"parent":0,"menu_order":0,"comment_status":"closed","ping_status":"closed","template":"","meta":{"footnotes":""},"class_list":["post-614","page","type-page","status-publish","hentry"],"aioseo_notices":[],"_links":{"self":[{"href":"https:\/\/www.fruitandvegforindustry.com\/fr\/wp-json\/wp\/v2\/pages\/614","targetHints":{"allow":["GET"]}}],"collection":[{"href":"https:\/\/www.fruitandvegforindustry.com\/fr\/wp-json\/wp\/v2\/pages"}],"about":[{"href":"https:\/\/www.fruitandvegforindustry.com\/fr\/wp-json\/wp\/v2\/types\/page"}],"author":[{"embeddable":true,"href":"https:\/\/www.fruitandvegforindustry.com\/fr\/wp-json\/wp\/v2\/users\/1"}],"replies":[{"embeddable":true,"href":"https:\/\/www.fruitandvegforindustry.com\/fr\/wp-json\/wp\/v2\/comments?post=614"}],"version-history":[{"count":3,"href":"https:\/\/www.fruitandvegforindustry.com\/fr\/wp-json\/wp\/v2\/pages\/614\/revisions"}],"predecessor-version":[{"id":4627,"href":"https:\/\/www.fruitandvegforindustry.com\/fr\/wp-json\/wp\/v2\/pages\/614\/revisions\/4627"}],"wp:attachment":[{"href":"https:\/\/www.fruitandvegforindustry.com\/fr\/wp-json\/wp\/v2\/media?parent=614"}],"curies":[{"name":"wp","href":"https:\/\/api.w.org\/{rel}","templated":true}]}}